{"id":4921,"date":"2013-10-29T16:23:32","date_gmt":"2013-10-29T16:23:32","guid":{"rendered":"http:\/\/www.sansin.com\/product\/timber-tec-chinking-2\/"},"modified":"2022-01-20T10:15:52","modified_gmt":"2022-01-20T15:15:52","slug":"timber-tec-chinking","status":"publish","type":"product","link":"https:\/\/www.sansin.com\/fr\/produit\/timber-tec-chinking\/","title":{"rendered":"TIMBER-TEC CHINKING"},"content":{"rendered":"\n<h2 class=\"wp-block-heading\">Une r\u00e9volution dans la technologie du colmatage.<\/h2>\n\n\n\n<p>Les maisons en bois rond bougent et travaillent plus que tout autre b\u00e2timent. Pour cette raison, Timber-Tec Chinking a \u00e9t\u00e9 con\u00e7u pour s\u00e9cher sans se r\u00e9tracter tout en supportant un \u00e9tirement de 400&nbsp;%. R\u00e9sultat&nbsp;: m\u00eame lorsque votre maison bouge, elle reste bien \u00e9tanche aux intemp\u00e9ries.<\/p>\n\n\n\n<p>Inodore, Timber-Tec Chinking durcit \u00e0 l\u2019air en une heure seulement et s\u2019applique facilement, m\u00eame lorsqu\u2019il fait froid. Gr\u00e2ce \u00e0 sa grande \u00e9lasticit\u00e9, il ne se r\u00e9tracte pas et adh\u00e8re bien au bois rond. Votre maison gardera toute sa beaut\u00e9 et toute son \u00e9tanch\u00e9it\u00e9.<\/p>\n\n\n\n<figure class=\"wp-block-image\"><a href=\"\/?page_id=4967\"><img decoding=\"async\" src=\"https:\/\/www.sansin.com\/wp-content\/uploads\/chinkseal_button.jpg\" alt=\"Chinking &amp; Sealant Calculator\" class=\"wp-image-4405\"\/><\/a><\/figure>\n","protected":false},"excerpt":{"rendered":"<p class=\"desc\">Timber-Tec Chinking de Sansin : une r\u00e9volution en mati\u00e8re de colmatage<\/p>\n<div class=\"actions\">\u00a0<\/div>\n","protected":false},"featured_media":11324,"template":"","meta":[],"product_brand":[],"product_cat":[85],"product_tag":[],"class_list":{"0":"post-4921","1":"product","2":"type-product","3":"status-publish","4":"has-post-thumbnail","6":"product_cat-produits-fr","7":"","8":"woocommerce-text-align-center","9":"woocommerce-image-align-center","11":"first","12":"instock","13":"shipping-taxable","14":"product-type-simple"},"aioseo_notices":[],"_links":{"self":[{"href":"https:\/\/www.sansin.com\/fr\/wp-json\/wp\/v2\/product\/4921","targetHints":{"allow":["GET"]}}],"collection":[{"href":"https:\/\/www.sansin.com\/fr\/wp-json\/wp\/v2\/product"}],"about":[{"href":"https:\/\/www.sansin.com\/fr\/wp-json\/wp\/v2\/types\/product"}],"wp:featuredmedia":[{"embeddable":true,"href":"https:\/\/www.sansin.com\/fr\/wp-json\/wp\/v2\/media\/11324"}],"wp:attachment":[{"href":"https:\/\/www.sansin.com\/fr\/wp-json\/wp\/v2\/media?parent=4921"}],"wp:term":[{"taxonomy":"product_brand","embeddable":true,"href":"https:\/\/www.sansin.com\/fr\/wp-json\/wp\/v2\/product_brand?post=4921"},{"taxonomy":"product_cat","embeddable":true,"href":"https:\/\/www.sansin.com\/fr\/wp-json\/wp\/v2\/product_cat?post=4921"},{"taxonomy":"product_tag","embeddable":true,"href":"https:\/\/www.sansin.com\/fr\/wp-json\/wp\/v2\/product_tag?post=4921"}],"curies":[{"name":"wp","href":"https:\/\/api.w.org\/{rel}","templated":true}]}}