{"id":4925,"date":"2013-10-29T16:41:46","date_gmt":"2013-10-29T16:41:46","guid":{"rendered":"http:\/\/www.sansin.com\/product\/timber-tec-sealn-hide-2\/"},"modified":"2022-01-20T10:17:55","modified_gmt":"2022-01-20T15:17:55","slug":"timber-tec-sealn-hide","status":"publish","type":"product","link":"https:\/\/www.sansin.com\/fr\/produit\/timber-tec-sealn-hide\/","title":{"rendered":"TIMBER-TEC SEAL&rsquo;N HIDE"},"content":{"rendered":"\n<h2 class=\"wp-block-heading\">Prot\u00e8ge vos grumes et votre bois d&rsquo;oeuvre contre la p\u00e9n\u00e9tration d&rsquo;eau.<\/h2>\n\n\n\n<p>Timber-Tec Seal\u2019n Hide est un produit sans COV qui se fond naturellement dans le bois. \u00c9tant donn\u00e9 qu\u2019il peut \u00eatre peint ou teint, il est parfait pour prot\u00e9ger les fissures et les fentes du bois rond, qu\u2019il soit nu ou fini.<\/p>\n\n\n\n<p>Timber-Tec Seal\u2019n Hide assure l\u2019adh\u00e9sion et l\u2019\u00e9lasticit\u00e9 sup\u00e9rieures n\u00e9cessaires pour prot\u00e9ger les grumes et le bois d\u2019\u0153uvre sur le long terme. Seal\u2019n Hide est un compos\u00e9 adh\u00e9sif non toxique, inflammable et exempt de solvant.<\/p>\n","protected":false},"excerpt":{"rendered":"<p>Timber-Tec Seal \u2018n Hide de Sansin : prot\u00e8ge vos grumes et votre bois d&rsquo;oeuvre contre la p\u00e9n\u00e9tration d&rsquo;eau.<\/p>\n","protected":false},"featured_media":11326,"template":"","meta":[],"product_brand":[],"product_cat":[85],"product_tag":[],"class_list":{"0":"post-4925","1":"product","2":"type-product","3":"status-publish","4":"has-post-thumbnail","6":"product_cat-produits-fr","7":"","8":"woocommerce-text-align-center","9":"woocommerce-image-align-center","11":"first","12":"instock","13":"shipping-taxable","14":"product-type-simple"},"aioseo_notices":[],"_links":{"self":[{"href":"https:\/\/www.sansin.com\/fr\/wp-json\/wp\/v2\/product\/4925","targetHints":{"allow":["GET"]}}],"collection":[{"href":"https:\/\/www.sansin.com\/fr\/wp-json\/wp\/v2\/product"}],"about":[{"href":"https:\/\/www.sansin.com\/fr\/wp-json\/wp\/v2\/types\/product"}],"wp:featuredmedia":[{"embeddable":true,"href":"https:\/\/www.sansin.com\/fr\/wp-json\/wp\/v2\/media\/11326"}],"wp:attachment":[{"href":"https:\/\/www.sansin.com\/fr\/wp-json\/wp\/v2\/media?parent=4925"}],"wp:term":[{"taxonomy":"product_brand","embeddable":true,"href":"https:\/\/www.sansin.com\/fr\/wp-json\/wp\/v2\/product_brand?post=4925"},{"taxonomy":"product_cat","embeddable":true,"href":"https:\/\/www.sansin.com\/fr\/wp-json\/wp\/v2\/product_cat?post=4925"},{"taxonomy":"product_tag","embeddable":true,"href":"https:\/\/www.sansin.com\/fr\/wp-json\/wp\/v2\/product_tag?post=4925"}],"curies":[{"name":"wp","href":"https:\/\/api.w.org\/{rel}","templated":true}]}}