{"id":4926,"date":"2013-10-29T12:47:07","date_gmt":"2013-10-29T16:47:07","guid":{"rendered":"http:\/\/www.sansin.com\/product\/wood-lightener-2\/"},"modified":"2022-01-20T10:21:16","modified_gmt":"2022-01-20T15:21:16","slug":"wood-lightener","status":"publish","type":"product","link":"https:\/\/www.sansin.com\/fr\/produit\/wood-lightener\/","title":{"rendered":"WOOD LIGHTENER"},"content":{"rendered":"\n<h2 class=\"wp-block-heading\">Un \u00e9claircissant puissant pour les surfaces de bois nu<\/h2>\n\n\n\n<p>Wood Lightener de Sansin est un nettoyant et un \u00e9claircissant concentr\u00e9 et biod\u00e9gradable qui convient \u00e0 presque toutes les surfaces de bois nu. Il contribue \u00e0 \u00e9liminer la moisissure, les traces de fer et les autres taches courantes sur le bois dont vous tentez de retrouver l\u2019\u00e9clat naturel, une \u00e9tape cruciale avant la pose de rev\u00eatements de surface transparents.<\/p>\n\n\n\n<p>Wood Lightener existe \u00e9galement en pr\u00e9paration industrielle concentr\u00e9e de 18,95&nbsp;L (5 gallons).<\/p>\n","protected":false},"excerpt":{"rendered":"<p>Wood Lightener de Sansin : \u00e9claircissant puissant pour les surfaces de bois nu<\/p>\n","protected":false},"featured_media":8603,"template":"","meta":[],"product_brand":[],"product_cat":[85],"product_tag":[],"class_list":{"0":"post-4926","1":"product","2":"type-product","3":"status-publish","4":"has-post-thumbnail","6":"product_cat-produits-fr","7":"","8":"woocommerce-text-align-center","9":"woocommerce-image-align-center","11":"first","12":"instock","13":"shipping-taxable","14":"product-type-simple"},"aioseo_notices":[],"_links":{"self":[{"href":"https:\/\/www.sansin.com\/fr\/wp-json\/wp\/v2\/product\/4926","targetHints":{"allow":["GET"]}}],"collection":[{"href":"https:\/\/www.sansin.com\/fr\/wp-json\/wp\/v2\/product"}],"about":[{"href":"https:\/\/www.sansin.com\/fr\/wp-json\/wp\/v2\/types\/product"}],"wp:featuredmedia":[{"embeddable":true,"href":"https:\/\/www.sansin.com\/fr\/wp-json\/wp\/v2\/media\/8603"}],"wp:attachment":[{"href":"https:\/\/www.sansin.com\/fr\/wp-json\/wp\/v2\/media?parent=4926"}],"wp:term":[{"taxonomy":"product_brand","embeddable":true,"href":"https:\/\/www.sansin.com\/fr\/wp-json\/wp\/v2\/product_brand?post=4926"},{"taxonomy":"product_cat","embeddable":true,"href":"https:\/\/www.sansin.com\/fr\/wp-json\/wp\/v2\/product_cat?post=4926"},{"taxonomy":"product_tag","embeddable":true,"href":"https:\/\/www.sansin.com\/fr\/wp-json\/wp\/v2\/product_tag?post=4926"}],"curies":[{"name":"wp","href":"https:\/\/api.w.org\/{rel}","templated":true}]}}