{"id":4927,"date":"2013-10-29T12:57:17","date_gmt":"2013-10-29T16:57:17","guid":{"rendered":"http:\/\/www.sansin.com\/product\/wood-cleaner-2\/"},"modified":"2022-01-20T10:25:15","modified_gmt":"2022-01-20T15:25:15","slug":"wood-wash","status":"publish","type":"product","link":"https:\/\/www.sansin.com\/fr\/produit\/wood-wash\/","title":{"rendered":"WOOD WASH"},"content":{"rendered":"\n<h2 class=\"wp-block-heading\">Redonne ses tonalit\u00e9s naturelles \u00e0 votre surface en bois.<\/h2>\n\n\n\n<p>Pour restaurer la couleur naturelle des bois les plus ab\u00eem\u00e9s et agress\u00e9s par le climat, faites confiance \u00e0 Wood Wash. Ce produit est extr\u00eamement efficace pour \u00e9liminer le vieillissement inesth\u00e9tique, la moisissure, les algues, la coloration et les d\u00e9versements d\u2019huile et de graisse. Et il agit rapidement! Il suffit de le pulv\u00e9riser sur la surface, de le laisser reposer jusqu\u2019\u00e0 20 minutes, de le rincer et de laisser s\u00e9cher le bois. Appliquez ensuite la dose jointe de Wood Lightener. Vous verrez r\u00e9appara\u00eetre la belle couleur naturelle de votre bois au fur et \u00e0 mesure qu\u2019il s\u00e8che.<\/p>\n\n\n\n<p>Wood Wash est \u00e9galement vendu en pr\u00e9paration concentr\u00e9e \u00e0 diluer \u00e0 l\u2019eau et conditionn\u00e9e en seaux de 18,95&nbsp;L (5 gallons).<\/p>\n","protected":false},"excerpt":{"rendered":"<p>Wood Wash de Sansin : redonne ses tonalit\u00e9s naturelles \u00e0 votre surface en bois.<\/p>\n","protected":false},"featured_media":7234,"template":"","meta":[],"product_brand":[],"product_cat":[85],"product_tag":[],"class_list":{"0":"post-4927","1":"product","2":"type-product","3":"status-publish","4":"has-post-thumbnail","6":"product_cat-produits-fr","7":"","8":"woocommerce-text-align-center","9":"woocommerce-image-align-center","11":"first","12":"instock","13":"shipping-taxable","14":"product-type-simple"},"aioseo_notices":[],"_links":{"self":[{"href":"https:\/\/www.sansin.com\/fr\/wp-json\/wp\/v2\/product\/4927","targetHints":{"allow":["GET"]}}],"collection":[{"href":"https:\/\/www.sansin.com\/fr\/wp-json\/wp\/v2\/product"}],"about":[{"href":"https:\/\/www.sansin.com\/fr\/wp-json\/wp\/v2\/types\/product"}],"wp:featuredmedia":[{"embeddable":true,"href":"https:\/\/www.sansin.com\/fr\/wp-json\/wp\/v2\/media\/7234"}],"wp:attachment":[{"href":"https:\/\/www.sansin.com\/fr\/wp-json\/wp\/v2\/media?parent=4927"}],"wp:term":[{"taxonomy":"product_brand","embeddable":true,"href":"https:\/\/www.sansin.com\/fr\/wp-json\/wp\/v2\/product_brand?post=4927"},{"taxonomy":"product_cat","embeddable":true,"href":"https:\/\/www.sansin.com\/fr\/wp-json\/wp\/v2\/product_cat?post=4927"},{"taxonomy":"product_tag","embeddable":true,"href":"https:\/\/www.sansin.com\/fr\/wp-json\/wp\/v2\/product_tag?post=4927"}],"curies":[{"name":"wp","href":"https:\/\/api.w.org\/{rel}","templated":true}]}}