{"id":4928,"date":"2013-10-29T13:12:10","date_gmt":"2013-10-29T17:12:10","guid":{"rendered":"http:\/\/www.sansin.com\/product\/wood-sealer-2\/"},"modified":"2024-09-24T15:40:38","modified_gmt":"2024-09-24T19:40:38","slug":"wood-sealer","status":"publish","type":"product","link":"https:\/\/www.sansin.com\/fr\/produit\/wood-sealer\/","title":{"rendered":"WOOD SEALER"},"content":{"rendered":"\n<h2 class=\"wp-block-heading\">Protection sup\u00e9rieure donnant un aspect de bois de gr\u00e8ve vieilli naturellement<\/h2>\n\n\n\n<p>Wood-Sealer est un produit d\u2019isolation \u00e0 l\u2019eau p\u00e9n\u00e9trant ne contenant aucun COV. Il repousse l\u2019eau \u00e9nergiquement tout en laissant le bois respirer. Tr\u00e8s rapidement, le bois vieillira uniform\u00e9ment jusqu\u2019\u00e0 atteindre un magnifique ton gris argent\u00e9.  Il ne craque pas au soleil, conserve ses qualit\u00e9s hydrofuges et prot\u00e8ge le bois contre le climat et le pourrissement. Et puisqu\u2019il se d\u00e9grade doucement au fil du temps, rien de plus facile que de l\u2019entretenir\u00a0: il suffit d\u2019appliquer une nouvelle couche de Wood-Sealer.<\/p>\n\n\n\n<p>Wood Sealer est con\u00e7u pour apporter une stabilit\u00e9 dimensionnelle au bois en r\u00e9duisant l&rsquo;absorption d&rsquo;humidit\u00e9 jusqu&rsquo;\u00e0 74&nbsp;% pendant les p\u00e9riodes humides.<\/p>\n\n\n\n<p>Au s\u00e9chage, Wood-Sealer devient transparent et ne s\u2019\u00e9caille pas. Il peut \u00eatre utilis\u00e9 \u00e0 l\u2019int\u00e9rieur autant qu\u2019\u00e0 l\u2019ext\u00e9rieur. Il est id\u00e9al pour les maisons en bois rond, les terrasses, les cl\u00f4tures, les bardeaux de bois, les kiosques, les meubles de jardin et les parements de bois.<\/p>\n\n\n\n<p>Il est \u00e9galement offert en seaux de 18,95&nbsp;L (5 gallons).<\/p>\n\n\n\n<h2 class=\"wp-block-heading section-heading\">GALERIE DE PHOTOS<\/h2>\n\n\n\n<hr class=\"wp-block-separator has-css-opacity is-style-default\"\/>\n\n\n\n<figure class=\"wp-block-gallery columns-6 wp-block-gallery-1 is-layout-flex wp-block-gallery-is-layout-flex\"><ul class=\"blocks-gallery-grid\"><li class=\"blocks-gallery-item\"><figure><a href=\"https:\/\/www.sansin.com\/wp-content\/uploads\/Treated_Untreated_Wood-Sealer.jpg\"><img decoding=\"async\" width=\"800\" height=\"600\" src=\"https:\/\/www.sansin.com\/wp-content\/uploads\/Treated_Untreated_Wood-Sealer.jpg\" alt=\"Treated wood\" data-id=\"5879\" data-full-url=\"https:\/\/www.sansin.com\/wp-content\/uploads\/Treated_Untreated_Wood-Sealer.jpg\" data-link=\"https:\/\/www.sansin.com\/treated_untreated_wood-sealer\/\" class=\"wp-image-5880\" srcset=\"https:\/\/www.sansin.com\/wp-content\/uploads\/Treated_Untreated_Wood-Sealer.jpg 800w, https:\/\/www.sansin.com\/wp-content\/uploads\/Treated_Untreated_Wood-Sealer-150x113.jpg 150w, https:\/\/www.sansin.com\/wp-content\/uploads\/Treated_Untreated_Wood-Sealer-300x225.jpg 300w\" sizes=\"(max-width: 800px) 100vw, 800px\" \/><\/a><\/figure><\/li><li class=\"blocks-gallery-item\"><figure><a href=\"https:\/\/www.sansin.com\/wp-content\/uploads\/Netherlands-Wall_Wood-Sealer.jpg\"><img decoding=\"async\" width=\"800\" height=\"600\" src=\"https:\/\/www.sansin.com\/wp-content\/uploads\/Netherlands-Wall_Wood-Sealer.jpg\" alt=\"Metherland Wall Wood\" data-id=\"5877\" data-full-url=\"https:\/\/www.sansin.com\/wp-content\/uploads\/Netherlands-Wall_Wood-Sealer.jpg\" data-link=\"https:\/\/www.sansin.com\/netherlands-wall_wood-sealer\/\" class=\"wp-image-5878\" srcset=\"https:\/\/www.sansin.com\/wp-content\/uploads\/Netherlands-Wall_Wood-Sealer.jpg 800w, https:\/\/www.sansin.com\/wp-content\/uploads\/Netherlands-Wall_Wood-Sealer-150x113.jpg 150w, https:\/\/www.sansin.com\/wp-content\/uploads\/Netherlands-Wall_Wood-Sealer-300x225.jpg 300w\" sizes=\"(max-width: 800px) 100vw, 800px\" \/><\/a><\/figure><\/li><li class=\"blocks-gallery-item\"><figure><a href=\"https:\/\/www.sansin.com\/wp-content\/uploads\/Netherlands-Building_Wood-Sealer.jpg\"><img decoding=\"async\" width=\"800\" height=\"600\" src=\"https:\/\/www.sansin.com\/wp-content\/uploads\/Netherlands-Building_Wood-Sealer.jpg\" alt=\"Netherlands Building\" data-id=\"5875\" data-full-url=\"https:\/\/www.sansin.com\/wp-content\/uploads\/Netherlands-Building_Wood-Sealer.jpg\" data-link=\"https:\/\/www.sansin.com\/netherlands-building_wood-sealer\/\" class=\"wp-image-5876\" srcset=\"https:\/\/www.sansin.com\/wp-content\/uploads\/Netherlands-Building_Wood-Sealer.jpg 800w, https:\/\/www.sansin.com\/wp-content\/uploads\/Netherlands-Building_Wood-Sealer-150x113.jpg 150w, https:\/\/www.sansin.com\/wp-content\/uploads\/Netherlands-Building_Wood-Sealer-300x225.jpg 300w\" sizes=\"(max-width: 800px) 100vw, 800px\" \/><\/a><\/figure><\/li><li class=\"blocks-gallery-item\"><figure><a href=\"https:\/\/www.sansin.com\/wp-content\/uploads\/Netherlands-Bridge_Wood-Sealer.jpg\"><img decoding=\"async\" width=\"800\" height=\"600\" src=\"https:\/\/www.sansin.com\/wp-content\/uploads\/Netherlands-Bridge_Wood-Sealer.jpg\" alt=\"Netherlands Bridge\" data-id=\"5873\" data-full-url=\"https:\/\/www.sansin.com\/wp-content\/uploads\/Netherlands-Bridge_Wood-Sealer.jpg\" data-link=\"https:\/\/www.sansin.com\/netherlands-bridge_wood-sealer\/\" class=\"wp-image-5874\" srcset=\"https:\/\/www.sansin.com\/wp-content\/uploads\/Netherlands-Bridge_Wood-Sealer.jpg 800w, https:\/\/www.sansin.com\/wp-content\/uploads\/Netherlands-Bridge_Wood-Sealer-150x113.jpg 150w, https:\/\/www.sansin.com\/wp-content\/uploads\/Netherlands-Bridge_Wood-Sealer-300x225.jpg 300w\" sizes=\"(max-width: 800px) 100vw, 800px\" \/><\/a><\/figure><\/li><li class=\"blocks-gallery-item\"><figure><a href=\"https:\/\/www.sansin.com\/wp-content\/uploads\/Cedar-Deck_Wood-Sealer.jpg\"><img decoding=\"async\" width=\"800\" height=\"600\" src=\"https:\/\/www.sansin.com\/wp-content\/uploads\/Cedar-Deck_Wood-Sealer.jpg\" alt=\"Cedar Deck\" data-id=\"5867\" data-full-url=\"https:\/\/www.sansin.com\/wp-content\/uploads\/Cedar-Deck_Wood-Sealer.jpg\" data-link=\"https:\/\/www.sansin.com\/cedar-deck_wood-sealer\/\" class=\"wp-image-5868\" srcset=\"https:\/\/www.sansin.com\/wp-content\/uploads\/Cedar-Deck_Wood-Sealer.jpg 800w, https:\/\/www.sansin.com\/wp-content\/uploads\/Cedar-Deck_Wood-Sealer-150x113.jpg 150w, https:\/\/www.sansin.com\/wp-content\/uploads\/Cedar-Deck_Wood-Sealer-300x225.jpg 300w\" sizes=\"(max-width: 800px) 100vw, 800px\" \/><\/a><\/figure><\/li><li class=\"blocks-gallery-item\"><figure><a href=\"https:\/\/www.sansin.com\/wp-content\/uploads\/Geerte-Grote-College_Wood-Sealer.jpg\"><img decoding=\"async\" width=\"800\" height=\"600\" src=\"https:\/\/www.sansin.com\/wp-content\/uploads\/Geerte-Grote-College_Wood-Sealer.jpg\" alt=\"Geerte Grote College\" data-id=\"5869\" data-full-url=\"https:\/\/www.sansin.com\/wp-content\/uploads\/Geerte-Grote-College_Wood-Sealer.jpg\" data-link=\"https:\/\/www.sansin.com\/geerte-grote-college_wood-sealer\/\" class=\"wp-image-5870\" srcset=\"https:\/\/www.sansin.com\/wp-content\/uploads\/Geerte-Grote-College_Wood-Sealer.jpg 800w, https:\/\/www.sansin.com\/wp-content\/uploads\/Geerte-Grote-College_Wood-Sealer-150x113.jpg 150w, https:\/\/www.sansin.com\/wp-content\/uploads\/Geerte-Grote-College_Wood-Sealer-300x225.jpg 300w\" sizes=\"(max-width: 800px) 100vw, 800px\" \/><\/a><\/figure><\/li><li class=\"blocks-gallery-item\"><figure><a href=\"https:\/\/www.sansin.com\/wp-content\/uploads\/Lookout-Tower_Wood-Sealer.jpg\"><img decoding=\"async\" width=\"800\" height=\"600\" src=\"https:\/\/www.sansin.com\/wp-content\/uploads\/Lookout-Tower_Wood-Sealer.jpg\" alt=\"Lookout Tower\" data-id=\"5871\" data-full-url=\"https:\/\/www.sansin.com\/wp-content\/uploads\/Lookout-Tower_Wood-Sealer.jpg\" data-link=\"https:\/\/www.sansin.com\/lookout-tower_wood-sealer\/\" class=\"wp-image-5872\" srcset=\"https:\/\/www.sansin.com\/wp-content\/uploads\/Lookout-Tower_Wood-Sealer.jpg 800w, https:\/\/www.sansin.com\/wp-content\/uploads\/Lookout-Tower_Wood-Sealer-150x113.jpg 150w, https:\/\/www.sansin.com\/wp-content\/uploads\/Lookout-Tower_Wood-Sealer-300x225.jpg 300w\" sizes=\"(max-width: 800px) 100vw, 800px\" \/><\/a><\/figure><\/li><li class=\"blocks-gallery-item\"><figure><a href=\"https:\/\/www.sansin.com\/wp-content\/uploads\/National-Soccer-Development-Centre_Wood-Sealer.jpg\"><img decoding=\"async\" width=\"800\" height=\"600\" src=\"https:\/\/www.sansin.com\/wp-content\/uploads\/National-Soccer-Development-Centre_Wood-Sealer.jpg\" alt=\"National Soccer Center\" data-id=\"8193\" data-full-url=\"https:\/\/www.sansin.com\/wp-content\/uploads\/National-Soccer-Development-Centre_Wood-Sealer.jpg\" data-link=\"https:\/\/www.sansin.com\/national-soccer-development-centre_wood-sealer\/\" class=\"wp-image-13558\" srcset=\"https:\/\/www.sansin.com\/wp-content\/uploads\/National-Soccer-Development-Centre_Wood-Sealer.jpg 800w, https:\/\/www.sansin.com\/wp-content\/uploads\/National-Soccer-Development-Centre_Wood-Sealer-150x113.jpg 150w, https:\/\/www.sansin.com\/wp-content\/uploads\/National-Soccer-Development-Centre_Wood-Sealer-300x225.jpg 300w, https:\/\/www.sansin.com\/wp-content\/uploads\/National-Soccer-Development-Centre_Wood-Sealer-768x576.jpg 768w\" sizes=\"(max-width: 800px) 100vw, 800px\" \/><\/a><\/figure><\/li><li class=\"blocks-gallery-item\"><figure><a href=\"https:\/\/www.sansin.com\/wp-content\/uploads\/National-Soccer-Development-Centre2_Wood-Sealer.jpg\"><img decoding=\"async\" width=\"800\" height=\"600\" src=\"https:\/\/www.sansin.com\/wp-content\/uploads\/National-Soccer-Development-Centre2_Wood-Sealer.jpg\" alt=\"National Soccer Center\" data-id=\"8194\" data-full-url=\"https:\/\/www.sansin.com\/wp-content\/uploads\/National-Soccer-Development-Centre2_Wood-Sealer.jpg\" data-link=\"https:\/\/www.sansin.com\/national-soccer-development-centre2_wood-sealer\/\" class=\"wp-image-13559\" srcset=\"https:\/\/www.sansin.com\/wp-content\/uploads\/National-Soccer-Development-Centre2_Wood-Sealer.jpg 800w, https:\/\/www.sansin.com\/wp-content\/uploads\/National-Soccer-Development-Centre2_Wood-Sealer-150x113.jpg 150w, https:\/\/www.sansin.com\/wp-content\/uploads\/National-Soccer-Development-Centre2_Wood-Sealer-300x225.jpg 300w, https:\/\/www.sansin.com\/wp-content\/uploads\/National-Soccer-Development-Centre2_Wood-Sealer-768x576.jpg 768w\" sizes=\"(max-width: 800px) 100vw, 800px\" \/><\/a><\/figure><\/li><\/ul><\/figure>\n","protected":false},"excerpt":{"rendered":"<p>Wood Sealer de Sansin : protection sup\u00e9rieure donnant un aspect de bois de gr\u00e8ve vieilli naturellement<\/p>\n","protected":false},"featured_media":8482,"template":"","meta":[],"product_brand":[],"product_cat":[85],"product_tag":[],"class_list":{"0":"post-4928","1":"product","2":"type-product","3":"status-publish","4":"has-post-thumbnail","6":"product_cat-produits-fr","7":"","8":"woocommerce-text-align-center","9":"woocommerce-image-align-center","11":"first","12":"instock","13":"shipping-taxable","14":"product-type-simple"},"aioseo_notices":[],"_links":{"self":[{"href":"https:\/\/www.sansin.com\/fr\/wp-json\/wp\/v2\/product\/4928","targetHints":{"allow":["GET"]}}],"collection":[{"href":"https:\/\/www.sansin.com\/fr\/wp-json\/wp\/v2\/product"}],"about":[{"href":"https:\/\/www.sansin.com\/fr\/wp-json\/wp\/v2\/types\/product"}],"wp:featuredmedia":[{"embeddable":true,"href":"https:\/\/www.sansin.com\/fr\/wp-json\/wp\/v2\/media\/8482"}],"wp:attachment":[{"href":"https:\/\/www.sansin.com\/fr\/wp-json\/wp\/v2\/media?parent=4928"}],"wp:term":[{"taxonomy":"product_brand","embeddable":true,"href":"https:\/\/www.sansin.com\/fr\/wp-json\/wp\/v2\/product_brand?post=4928"},{"taxonomy":"product_cat","embeddable":true,"href":"https:\/\/www.sansin.com\/fr\/wp-json\/wp\/v2\/product_cat?post=4928"},{"taxonomy":"product_tag","embeddable":true,"href":"https:\/\/www.sansin.com\/fr\/wp-json\/wp\/v2\/product_tag?post=4928"}],"curies":[{"name":"wp","href":"https:\/\/api.w.org\/{rel}","templated":true}]}}