{"id":4931,"date":"2014-03-12T20:18:08","date_gmt":"2014-03-12T20:18:08","guid":{"rendered":"http:\/\/www.sansin.com\/product\/ens-naturals-top-coat-2\/"},"modified":"2023-12-05T16:32:05","modified_gmt":"2023-12-05T21:32:05","slug":"ens-naturals-top-coat","status":"publish","type":"product","link":"https:\/\/www.sansin.com\/fr\/produit\/ens-naturals-top-coat\/","title":{"rendered":"ENS NATURALS TOPCOAT"},"content":{"rendered":"\n<h2 class=\"wp-block-heading\">Couche de finition transparente pour bois aux tons naturels<\/h2>\n\n\n\n<p>ENS Naturals Topcoat de Sansin est une couche de finition qui s&rsquo;applique sur toute surface de bois \u00e0 la teinte naturelle prot\u00e9g\u00e9e par un produit ENS, de la menuiserie aux parements en passant par les cl\u00f4tures et les terrasses. ENS Naturals Topcoat a \u00e9t\u00e9 con\u00e7u pour am\u00e9liorer le rendement des couleurs naturelles ENS dans le cadre d&rsquo;un syst\u00e8me d&rsquo;entretien durable.<br>Tr\u00e8s r\u00e9sistant \u00e0 l&rsquo;usure, ENS Naturals Topcoat ne se d\u00e9colore pas au fil du temps et renforce la protection anti-UV ainsi que la splendeur de vos finis naturels ENS de Sansin. Avant l&rsquo;application du produit, et surtout si vous l&rsquo;utilisez pour l&rsquo;entretien, v\u00e9rifiez la pigmentation de la couche de fond existante. Pour en savoir davantage, consultez un distributeur ou un repr\u00e9sentant du service \u00e0 la client\u00e8le de Sansin.<\/p>\n\n\n\n<p>PRODUITS CONNEXES : <a href=\"\/?p=4887\">ENS<\/a> | <a href=\"\/?p=4933\">ENS OPTIMUM CLEAR<\/a><\/p>\n","protected":false},"excerpt":{"rendered":"<p>ENS Naturals Topcoat de Sansin : couche de finition transparente pour bois aux tons naturels<\/p>\n","protected":false},"featured_media":8502,"template":"","meta":[],"product_brand":[],"product_cat":[85],"product_tag":[],"class_list":{"0":"post-4931","1":"product","2":"type-product","3":"status-publish","4":"has-post-thumbnail","6":"product_cat-produits-fr","7":"","8":"woocommerce-text-align-center","9":"woocommerce-image-align-center","11":"first","12":"instock","13":"shipping-taxable","14":"product-type-simple"},"aioseo_notices":[],"_links":{"self":[{"href":"https:\/\/www.sansin.com\/fr\/wp-json\/wp\/v2\/product\/4931","targetHints":{"allow":["GET"]}}],"collection":[{"href":"https:\/\/www.sansin.com\/fr\/wp-json\/wp\/v2\/product"}],"about":[{"href":"https:\/\/www.sansin.com\/fr\/wp-json\/wp\/v2\/types\/product"}],"wp:featuredmedia":[{"embeddable":true,"href":"https:\/\/www.sansin.com\/fr\/wp-json\/wp\/v2\/media\/8502"}],"wp:attachment":[{"href":"https:\/\/www.sansin.com\/fr\/wp-json\/wp\/v2\/media?parent=4931"}],"wp:term":[{"taxonomy":"product_brand","embeddable":true,"href":"https:\/\/www.sansin.com\/fr\/wp-json\/wp\/v2\/product_brand?post=4931"},{"taxonomy":"product_cat","embeddable":true,"href":"https:\/\/www.sansin.com\/fr\/wp-json\/wp\/v2\/product_cat?post=4931"},{"taxonomy":"product_tag","embeddable":true,"href":"https:\/\/www.sansin.com\/fr\/wp-json\/wp\/v2\/product_tag?post=4931"}],"curies":[{"name":"wp","href":"https:\/\/api.w.org\/{rel}","templated":true}]}}