{"id":4933,"date":"2013-10-28T17:03:44","date_gmt":"2013-10-28T21:03:44","guid":{"rendered":"http:\/\/www.sansin.com\/product\/ens-optimum-clear-2\/"},"modified":"2023-12-05T16:51:18","modified_gmt":"2023-12-05T21:51:18","slug":"ens-optimum-clear","status":"publish","type":"product","link":"https:\/\/www.sansin.com\/fr\/produit\/ens-optimum-clear\/","title":{"rendered":"ENS OPTIMUM CLEAR"},"content":{"rendered":"\n<h2 class=\"wp-block-heading\">Couche de finition transparente \u00e0 efficacit\u00e9 maximale<\/h2>\n\n\n\n<p>La couche de finition transparente ENS Optimum Clear de Sansin s&rsquo;applique sur toute surface prot\u00e9g\u00e9e par un produit ENS, de la menuiserie aux parements en passant par les cl\u00f4tures et les terrasses. Elle a \u00e9t\u00e9 con\u00e7ue pour am\u00e9liorer le rendement des produits ENS et pour servir de couche d&rsquo;entretien durable.<\/p>\n\n\n\n<p>Tr\u00e8s r\u00e9sistante \u00e0 l&rsquo;usure, ENS Optimum Clear ne se d\u00e9colore pas au fil du temps et renforce la protection anti-UV des produits ENS de Sansin. Ajoutez-y des couleurs pour couche de fond afin de l&rsquo;utiliser en entretien ou servez-vous en pour diluer des couleurs. Tenez toujours compte de la concentration de la couleur de la couche de fond pour d\u00e9terminer la pigmentation qui prot\u00e9gera le support. Pour en savoir davantage, consultez un distributeur ou un repr\u00e9sentant du service \u00e0 la client\u00e8le de Sansin.<\/p>\n\n\n\n<p>PRODUITS CONNEXES: <a href=\"https:\/\/www.sansin.com\/fr\/product\/ens\/\">ENS<\/a> | <a href=\"https:\/\/www.sansin.com\/fr\/product\/ens-naturals-top-coat\/\">ENS Naturals Topcoat<\/a><\/p>\n","protected":false},"excerpt":{"rendered":"<p>Couche de finition transparente \u00e0 efficacit\u00e9 maximale<\/p>\n","protected":false},"featured_media":8502,"template":"","meta":[],"product_brand":[],"product_cat":[85],"product_tag":[],"class_list":{"0":"post-4933","1":"product","2":"type-product","3":"status-publish","4":"has-post-thumbnail","6":"product_cat-produits-fr","7":"","8":"woocommerce-text-align-center","9":"woocommerce-image-align-center","11":"first","12":"instock","13":"shipping-taxable","14":"product-type-simple"},"aioseo_notices":[],"_links":{"self":[{"href":"https:\/\/www.sansin.com\/fr\/wp-json\/wp\/v2\/product\/4933","targetHints":{"allow":["GET"]}}],"collection":[{"href":"https:\/\/www.sansin.com\/fr\/wp-json\/wp\/v2\/product"}],"about":[{"href":"https:\/\/www.sansin.com\/fr\/wp-json\/wp\/v2\/types\/product"}],"wp:featuredmedia":[{"embeddable":true,"href":"https:\/\/www.sansin.com\/fr\/wp-json\/wp\/v2\/media\/8502"}],"wp:attachment":[{"href":"https:\/\/www.sansin.com\/fr\/wp-json\/wp\/v2\/media?parent=4933"}],"wp:term":[{"taxonomy":"product_brand","embeddable":true,"href":"https:\/\/www.sansin.com\/fr\/wp-json\/wp\/v2\/product_brand?post=4933"},{"taxonomy":"product_cat","embeddable":true,"href":"https:\/\/www.sansin.com\/fr\/wp-json\/wp\/v2\/product_cat?post=4933"},{"taxonomy":"product_tag","embeddable":true,"href":"https:\/\/www.sansin.com\/fr\/wp-json\/wp\/v2\/product_tag?post=4933"}],"curies":[{"name":"wp","href":"https:\/\/api.w.org\/{rel}","templated":true}]}}