{"id":7540,"date":"2017-05-23T13:42:46","date_gmt":"2017-06-14T14:21:49","guid":{"rendered":"http:\/\/www.sansin.com\/?post_type=product&#038;p=7540\/"},"modified":"2022-01-19T17:44:37","modified_gmt":"2022-01-19T22:44:37","slug":"classic-2","status":"publish","type":"product","link":"https:\/\/www.sansin.com\/fr\/produit\/classic-2\/","title":{"rendered":"CLASSIC 2"},"content":{"rendered":"\n<p>Le syst\u00e8me Classic de Sansin procure une protection exceptionnelle pour les maisons de bois ronds, pour les maisons en structures de bois ou \u00e0 colombages et pour les bois ext\u00e9rieurs o\u00f9 une magnifique couleur, n\u00e9cessitant peu d\u2019entretien ainsi qu\u2019un faible lustre naturel perm\u00e9able \u00e0 l\u2019air est d\u00e9sir\u00e9e. Classic est con\u00e7u pour p\u00e9n\u00e9trer le bois dont la teneur en humidit\u00e9 peut \u00eatre variable, et il procure une protection contre les rayons UV et les intemp\u00e9ries tout en permettant au bois de respirer. Puisque les produits Classic sont con\u00e7us pour s\u2019user lentement avec le temps, l\u2019entretien du bois implique seulement un nettoyage p\u00e9riodique et une couche d\u2019entretien.<\/p>\n\n\n\n<p>POUR LES TEINTES DE BOIS NATURELLES&nbsp;: Classic 2 de Sansin est la deuxi\u00e8me couche du syst\u00e8me Classic de Sansin. Choisissez les couleurs naturelles pour des couleurs plus claires et une clart\u00e9 accrue. La formule de couleur Natural Classic 2 de Sansin peut \u00eatre r\u00e9duite de moiti\u00e9 lorsque&nbsp;<a href=\"\/?p=3882\">Foundation Classic de Sansin<\/a>&nbsp;est utilis\u00e9 comme premi\u00e8re couche.<\/p>\n\n\n\n<p>POUR TOUTES LES AUTRES TEINTES DE BOIS\u00a0: Classic 1 n&rsquo;est pas requis lorsqu&rsquo;une couleur translucide, satur\u00e9e ou ultra-satur\u00e9e est s\u00e9lectionn\u00e9e. Utilisez Classic 2 comme premi\u00e8re couche et Classic 3 comme deuxi\u00e8me ou derni\u00e8re couche. Pour obtenir des tons plus blancs et gris, utilisez\u00a0<a href=\"\/?p=3882\">Foundation Classic de Sansin<\/a>\u00a0pour le bois clair comme premi\u00e8re couche additionnelle.<\/p>\n\n\n\n<h2 class=\"section-heading wp-block-heading\">GALERIE DE PHOTOS<\/h2>\n\n\n\n<hr class=\"wp-block-separator is-style-default\"\/>\n\n\n\n<figure class=\"wp-block-gallery columns-6 wp-block-gallery-1 is-layout-flex wp-block-gallery-is-layout-flex\"><ul class=\"blocks-gallery-grid\"><li class=\"blocks-gallery-item\"><figure><a href=\"https:\/\/www.sansin.com\/wp-content\/uploads\/EXT-Classic-Winter.jpg\"><img decoding=\"async\" width=\"300\" height=\"225\" src=\"https:\/\/www.sansin.com\/wp-content\/uploads\/\/EXT-Classic-Winter-300x225.jpg\" alt=\"Classic winter\" data-id=\"13538\" data-full-url=\"https:\/\/www.sansin.com\/wp-content\/uploads\/EXT-Classic-Winter.jpg\" data-link=\"https:\/\/www.sansin.com\/ext-classic-winter\/\" class=\"wp-image-13539\" srcset=\"https:\/\/www.sansin.com\/wp-content\/uploads\/EXT-Classic-Winter-300x225.jpg 300w, https:\/\/www.sansin.com\/wp-content\/uploads\/EXT-Classic-Winter-150x113.jpg 150w, https:\/\/www.sansin.com\/wp-content\/uploads\/EXT-Classic-Winter-768x576.jpg 768w, https:\/\/www.sansin.com\/wp-content\/uploads\/EXT-Classic-Winter.jpg 800w\" sizes=\"(max-width: 300px) 100vw, 300px\" \/><\/a><\/figure><\/li><li class=\"blocks-gallery-item\"><figure><a href=\"https:\/\/www.sansin.com\/wp-content\/uploads\/EXT-Classic-Tennessee2.jpg\"><img decoding=\"async\" width=\"300\" height=\"225\" src=\"https:\/\/www.sansin.com\/wp-content\/uploads\/\/EXT-Classic-Tennessee2-300x225.jpg\" alt=\"Tennessee home\" data-id=\"13161\" data-full-url=\"https:\/\/www.sansin.com\/wp-content\/uploads\/EXT-Classic-Tennessee2.jpg\" data-link=\"https:\/\/www.sansin.com\/ext-classic-tennessee2\/\" class=\"wp-image-13162\" srcset=\"https:\/\/www.sansin.com\/wp-content\/uploads\/EXT-Classic-Tennessee2-300x225.jpg 300w, https:\/\/www.sansin.com\/wp-content\/uploads\/EXT-Classic-Tennessee2-150x113.jpg 150w, https:\/\/www.sansin.com\/wp-content\/uploads\/EXT-Classic-Tennessee2-768x576.jpg 768w, https:\/\/www.sansin.com\/wp-content\/uploads\/EXT-Classic-Tennessee2.jpg 800w\" sizes=\"(max-width: 300px) 100vw, 300px\" \/><\/a><\/figure><\/li><li class=\"blocks-gallery-item\"><figure><a href=\"https:\/\/www.sansin.com\/wp-content\/uploads\/EXT-Classic-Tennessee.jpg\"><img decoding=\"async\" width=\"800\" height=\"600\" src=\"https:\/\/www.sansin.com\/wp-content\/uploads\/EXT-Classic-Tennessee.jpg\" alt=\"Classic Tennessee\" data-id=\"13565\" data-full-url=\"https:\/\/www.sansin.com\/wp-content\/uploads\/EXT-Classic-Tennessee.jpg\" data-link=\"https:\/\/www.sansin.com\/ext-classic-tennessee\/\" class=\"wp-image-13566\" srcset=\"https:\/\/www.sansin.com\/wp-content\/uploads\/EXT-Classic-Tennessee.jpg 800w, https:\/\/www.sansin.com\/wp-content\/uploads\/EXT-Classic-Tennessee-150x113.jpg 150w, https:\/\/www.sansin.com\/wp-content\/uploads\/EXT-Classic-Tennessee-300x225.jpg 300w, https:\/\/www.sansin.com\/wp-content\/uploads\/EXT-Classic-Tennessee-768x576.jpg 768w\" sizes=\"(max-width: 800px) 100vw, 800px\" \/><\/a><\/figure><\/li><li class=\"blocks-gallery-item\"><figure><a href=\"https:\/\/www.sansin.com\/wp-content\/uploads\/EXT-Classic-RockyLake4yrs.jpg\"><img decoding=\"async\" width=\"800\" height=\"600\" src=\"https:\/\/www.sansin.com\/wp-content\/uploads\/EXT-Classic-RockyLake4yrs.jpg\" alt=\"Rocky Lake\" data-id=\"13480\" data-full-url=\"https:\/\/www.sansin.com\/wp-content\/uploads\/EXT-Classic-RockyLake4yrs.jpg\" data-link=\"https:\/\/www.sansin.com\/ext-classic-rockylake4yrs\/\" class=\"wp-image-13481\" srcset=\"https:\/\/www.sansin.com\/wp-content\/uploads\/EXT-Classic-RockyLake4yrs.jpg 800w, https:\/\/www.sansin.com\/wp-content\/uploads\/EXT-Classic-RockyLake4yrs-150x113.jpg 150w, https:\/\/www.sansin.com\/wp-content\/uploads\/EXT-Classic-RockyLake4yrs-300x225.jpg 300w, https:\/\/www.sansin.com\/wp-content\/uploads\/EXT-Classic-RockyLake4yrs-768x576.jpg 768w\" sizes=\"(max-width: 800px) 100vw, 800px\" \/><\/a><\/figure><\/li><li class=\"blocks-gallery-item\"><figure><a href=\"https:\/\/www.sansin.com\/wp-content\/uploads\/EXT-Classic-LoghomeThunderBay2.jpg\"><img decoding=\"async\" width=\"800\" height=\"600\" src=\"https:\/\/www.sansin.com\/wp-content\/uploads\/EXT-Classic-LoghomeThunderBay2.jpg\" alt=\"Thunder Bay loghome\" data-id=\"13541\" data-full-url=\"https:\/\/www.sansin.com\/wp-content\/uploads\/EXT-Classic-LoghomeThunderBay2.jpg\" data-link=\"https:\/\/www.sansin.com\/ext-classic-loghomethunderbay2\/\" class=\"wp-image-13542\" srcset=\"https:\/\/www.sansin.com\/wp-content\/uploads\/EXT-Classic-LoghomeThunderBay2.jpg 800w, https:\/\/www.sansin.com\/wp-content\/uploads\/EXT-Classic-LoghomeThunderBay2-150x113.jpg 150w, https:\/\/www.sansin.com\/wp-content\/uploads\/EXT-Classic-LoghomeThunderBay2-300x225.jpg 300w, https:\/\/www.sansin.com\/wp-content\/uploads\/EXT-Classic-LoghomeThunderBay2-768x576.jpg 768w\" sizes=\"(max-width: 800px) 100vw, 800px\" \/><\/a><\/figure><\/li><li class=\"blocks-gallery-item\"><figure><a href=\"https:\/\/www.sansin.com\/wp-content\/uploads\/EXT-Classic-Loghome4.jpg\"><img decoding=\"async\" width=\"800\" height=\"600\" src=\"https:\/\/www.sansin.com\/wp-content\/uploads\/EXT-Classic-Loghome4.jpg\" alt=\"Classic Log home\" data-id=\"13484\" data-full-url=\"https:\/\/www.sansin.com\/wp-content\/uploads\/EXT-Classic-Loghome4.jpg\" data-link=\"https:\/\/www.sansin.com\/ext-classic-loghome4\/\" class=\"wp-image-13485\" srcset=\"https:\/\/www.sansin.com\/wp-content\/uploads\/EXT-Classic-Loghome4.jpg 800w, https:\/\/www.sansin.com\/wp-content\/uploads\/EXT-Classic-Loghome4-150x113.jpg 150w, https:\/\/www.sansin.com\/wp-content\/uploads\/EXT-Classic-Loghome4-300x225.jpg 300w, https:\/\/www.sansin.com\/wp-content\/uploads\/EXT-Classic-Loghome4-768x576.jpg 768w\" sizes=\"(max-width: 800px) 100vw, 800px\" \/><\/a><\/figure><\/li><li class=\"blocks-gallery-item\"><figure><a href=\"https:\/\/www.sansin.com\/wp-content\/uploads\/EXT-Classic-HeritageLoghome.jpg\"><img decoding=\"async\" width=\"800\" height=\"600\" src=\"https:\/\/www.sansin.com\/wp-content\/uploads\/EXT-Classic-HeritageLoghome.jpg\" alt=\"Heritage Log Home\" data-id=\"13487\" data-full-url=\"https:\/\/www.sansin.com\/wp-content\/uploads\/EXT-Classic-HeritageLoghome.jpg\" data-link=\"https:\/\/www.sansin.com\/ext-classic-heritageloghome\/\" class=\"wp-image-13488\" srcset=\"https:\/\/www.sansin.com\/wp-content\/uploads\/EXT-Classic-HeritageLoghome.jpg 800w, https:\/\/www.sansin.com\/wp-content\/uploads\/EXT-Classic-HeritageLoghome-150x113.jpg 150w, https:\/\/www.sansin.com\/wp-content\/uploads\/EXT-Classic-HeritageLoghome-300x225.jpg 300w, https:\/\/www.sansin.com\/wp-content\/uploads\/EXT-Classic-HeritageLoghome-768x576.jpg 768w\" sizes=\"(max-width: 800px) 100vw, 800px\" \/><\/a><\/figure><\/li><li class=\"blocks-gallery-item\"><figure><a href=\"https:\/\/www.sansin.com\/wp-content\/uploads\/EXT-Classic-Barberhome.jpg\"><img decoding=\"async\" width=\"800\" height=\"600\" src=\"https:\/\/www.sansin.com\/wp-content\/uploads\/EXT-Classic-Barberhome.jpg\" alt=\"Barber Home\" data-id=\"12542\" data-full-url=\"https:\/\/www.sansin.com\/wp-content\/uploads\/EXT-Classic-Barberhome.jpg\" data-link=\"https:\/\/www.sansin.com\/ext-classic-barberhome\/\" class=\"wp-image-12543\" srcset=\"https:\/\/www.sansin.com\/wp-content\/uploads\/EXT-Classic-Barberhome.jpg 800w, https:\/\/www.sansin.com\/wp-content\/uploads\/EXT-Classic-Barberhome-150x113.jpg 150w, https:\/\/www.sansin.com\/wp-content\/uploads\/EXT-Classic-Barberhome-300x225.jpg 300w, https:\/\/www.sansin.com\/wp-content\/uploads\/EXT-Classic-Barberhome-768x576.jpg 768w\" sizes=\"(max-width: 800px) 100vw, 800px\" \/><\/a><\/figure><\/li><li class=\"blocks-gallery-item\"><figure><a href=\"https:\/\/www.sansin.com\/wp-content\/uploads\/EXT-Classic-23yrloghome.jpg\"><img decoding=\"async\" width=\"800\" height=\"600\" src=\"https:\/\/www.sansin.com\/wp-content\/uploads\/EXT-Classic-23yrloghome.jpg\" alt=\"23 year old log home\" data-id=\"13163\" data-full-url=\"https:\/\/www.sansin.com\/wp-content\/uploads\/EXT-Classic-23yrloghome.jpg\" data-link=\"https:\/\/www.sansin.com\/ext-classic-23yrloghome\/\" class=\"wp-image-13164\" srcset=\"https:\/\/www.sansin.com\/wp-content\/uploads\/EXT-Classic-23yrloghome.jpg 800w, https:\/\/www.sansin.com\/wp-content\/uploads\/EXT-Classic-23yrloghome-150x113.jpg 150w, https:\/\/www.sansin.com\/wp-content\/uploads\/EXT-Classic-23yrloghome-300x225.jpg 300w, https:\/\/www.sansin.com\/wp-content\/uploads\/EXT-Classic-23yrloghome-768x576.jpg 768w\" sizes=\"(max-width: 800px) 100vw, 800px\" \/><\/a><\/figure><\/li><li class=\"blocks-gallery-item\"><figure><a href=\"https:\/\/www.sansin.com\/wp-content\/uploads\/EXT-Classic-Loghome3.jpg\"><img decoding=\"async\" width=\"800\" height=\"600\" src=\"https:\/\/www.sansin.com\/wp-content\/uploads\/EXT-Classic-Loghome3.jpg\" alt=\"Classic Log home\" data-id=\"13165\" data-full-url=\"https:\/\/www.sansin.com\/wp-content\/uploads\/EXT-Classic-Loghome3.jpg\" data-link=\"https:\/\/www.sansin.com\/ext-classic-loghome3\/\" class=\"wp-image-13166\" srcset=\"https:\/\/www.sansin.com\/wp-content\/uploads\/EXT-Classic-Loghome3.jpg 800w, https:\/\/www.sansin.com\/wp-content\/uploads\/EXT-Classic-Loghome3-150x113.jpg 150w, https:\/\/www.sansin.com\/wp-content\/uploads\/EXT-Classic-Loghome3-300x225.jpg 300w, https:\/\/www.sansin.com\/wp-content\/uploads\/EXT-Classic-Loghome3-768x576.jpg 768w\" sizes=\"(max-width: 800px) 100vw, 800px\" \/><\/a><\/figure><\/li><li class=\"blocks-gallery-item\"><figure><a href=\"https:\/\/www.sansin.com\/wp-content\/uploads\/EXT-Classic-Loghome2.jpg\"><img decoding=\"async\" width=\"800\" height=\"600\" src=\"https:\/\/www.sansin.com\/wp-content\/uploads\/EXT-Classic-Loghome2.jpg\" alt=\"Classic Log home\" data-id=\"13495\" data-full-url=\"https:\/\/www.sansin.com\/wp-content\/uploads\/EXT-Classic-Loghome2.jpg\" data-link=\"https:\/\/www.sansin.com\/ext-classic-loghome2\/\" class=\"wp-image-13496\" srcset=\"https:\/\/www.sansin.com\/wp-content\/uploads\/EXT-Classic-Loghome2.jpg 800w, https:\/\/www.sansin.com\/wp-content\/uploads\/EXT-Classic-Loghome2-150x113.jpg 150w, https:\/\/www.sansin.com\/wp-content\/uploads\/EXT-Classic-Loghome2-300x225.jpg 300w, https:\/\/www.sansin.com\/wp-content\/uploads\/EXT-Classic-Loghome2-768x576.jpg 768w\" sizes=\"(max-width: 800px) 100vw, 800px\" \/><\/a><\/figure><\/li><li class=\"blocks-gallery-item\"><figure><a href=\"https:\/\/www.sansin.com\/wp-content\/uploads\/Camp-Arowhon_Classic.jpg\"><img decoding=\"async\" width=\"800\" height=\"600\" src=\"https:\/\/www.sansin.com\/wp-content\/uploads\/Camp-Arowhon_Classic.jpg\" alt=\"Camp Arowhon\" data-id=\"4783\" data-full-url=\"https:\/\/www.sansin.com\/wp-content\/uploads\/Camp-Arowhon_Classic.jpg\" data-link=\"https:\/\/www.sansin.com\/camp-arowhon_classic\/\" class=\"wp-image-5649\" srcset=\"https:\/\/www.sansin.com\/wp-content\/uploads\/Camp-Arowhon_Classic.jpg 800w, https:\/\/www.sansin.com\/wp-content\/uploads\/Camp-Arowhon_Classic-150x113.jpg 150w, https:\/\/www.sansin.com\/wp-content\/uploads\/Camp-Arowhon_Classic-300x225.jpg 300w\" sizes=\"(max-width: 800px) 100vw, 800px\" \/><\/a><\/figure><\/li><li class=\"blocks-gallery-item\"><figure><a href=\"https:\/\/www.sansin.com\/wp-content\/uploads\/Classic-Plus-Log-Home_Custom-Color.jpg\"><img decoding=\"async\" width=\"800\" height=\"600\" src=\"https:\/\/www.sansin.com\/wp-content\/uploads\/Classic-Plus-Log-Home_Custom-Color.jpg\" alt=\"Classic Plus Log Home\" data-id=\"5944\" data-full-url=\"https:\/\/www.sansin.com\/wp-content\/uploads\/Classic-Plus-Log-Home_Custom-Color.jpg\" data-link=\"https:\/\/www.sansin.com\/classic-plus-log-home_custom-color\/\" class=\"wp-image-5945\" srcset=\"https:\/\/www.sansin.com\/wp-content\/uploads\/Classic-Plus-Log-Home_Custom-Color.jpg 800w, https:\/\/www.sansin.com\/wp-content\/uploads\/Classic-Plus-Log-Home_Custom-Color-150x113.jpg 150w, https:\/\/www.sansin.com\/wp-content\/uploads\/Classic-Plus-Log-Home_Custom-Color-300x225.jpg 300w\" sizes=\"(max-width: 800px) 100vw, 800px\" \/><\/a><\/figure><\/li><\/ul><\/figure>\n","protected":false},"excerpt":{"rendered":"<p>Classic 2 : fini p\u00e9n\u00e9trant de haute performance pour les maisons de bois rond.<\/p>\n","protected":false},"featured_media":8044,"template":"","meta":[],"product_brand":[],"product_cat":[85],"product_tag":[],"class_list":{"0":"post-7540","1":"product","2":"type-product","3":"status-publish","4":"has-post-thumbnail","6":"product_cat-produits-fr","7":"","8":"woocommerce-text-align-center","9":"woocommerce-image-align-center","11":"first","12":"instock","13":"shipping-taxable","14":"product-type-simple"},"aioseo_notices":[],"_links":{"self":[{"href":"https:\/\/www.sansin.com\/fr\/wp-json\/wp\/v2\/product\/7540","targetHints":{"allow":["GET"]}}],"collection":[{"href":"https:\/\/www.sansin.com\/fr\/wp-json\/wp\/v2\/product"}],"about":[{"href":"https:\/\/www.sansin.com\/fr\/wp-json\/wp\/v2\/types\/product"}],"wp:featuredmedia":[{"embeddable":true,"href":"https:\/\/www.sansin.com\/fr\/wp-json\/wp\/v2\/media\/8044"}],"wp:attachment":[{"href":"https:\/\/www.sansin.com\/fr\/wp-json\/wp\/v2\/media?parent=7540"}],"wp:term":[{"taxonomy":"product_brand","embeddable":true,"href":"https:\/\/www.sansin.com\/fr\/wp-json\/wp\/v2\/product_brand?post=7540"},{"taxonomy":"product_cat","embeddable":true,"href":"https:\/\/www.sansin.com\/fr\/wp-json\/wp\/v2\/product_cat?post=7540"},{"taxonomy":"product_tag","embeddable":true,"href":"https:\/\/www.sansin.com\/fr\/wp-json\/wp\/v2\/product_tag?post=7540"}],"curies":[{"name":"wp","href":"https:\/\/api.w.org\/{rel}","templated":true}]}}