{"id":7578,"date":"2016-10-19T16:31:42","date_gmt":"2017-07-06T15:45:34","guid":{"rendered":"http:\/\/www.sansin.com\/?post_type=product&#038;p=7578\/"},"modified":"2022-01-19T18:27:28","modified_gmt":"2022-01-19T23:27:28","slug":"resolution-i","status":"publish","type":"product","link":"https:\/\/www.sansin.com\/fr\/produit\/resolution-i\/","title":{"rendered":"RESOLUTION I"},"content":{"rendered":"\n<p>R\u00e9solution est un syst\u00e8me de finition pour le bois, \u00e9cologique et qui ne gonfle pas le grain, \u00e0 haute performance en 2 \u00e9tapes. R\u00e9solution est plus r\u00e9sistant, plus robuste et plus beau qu\u2019un vernis, offrant une clart\u00e9 brillante et une performance n\u00e9cessitant peu d\u2019entretien pour les applications sur les ameublements de terrasse, fen\u00eatres, portes et ornements. Choisissez parmi 10 teintes naturelles de bois pour rehausser le caract\u00e8re et la couleur de votre bois.<\/p>\n\n\n\n<p>Bien que R\u00e9solution I consiste \u00e0 l\u2019\u00e9tape d\u2019appr\u00eat du syst\u00e8me R\u00e9solution, il peut \u00eatre utilis\u00e9 seul, \u00e0 l\u2019int\u00e9rieur, comme couche de protection pour le bois. R\u00e9solution I est un fini \u00e0 haute teneur en solides qui p\u00e9n\u00e8tre dans le grain du bois pour lui procurer une protection en profondeur contre les UV et l\u2019humidit\u00e9.<\/p>\n\n\n\n<h2 class=\"section-heading wp-block-heading\">GALERIE DE PHOTOS<\/h2>\n\n\n\n<hr class=\"wp-block-separator is-style-default\"\/>\n\n\n\n<figure class=\"wp-block-gallery columns-6 wp-block-gallery-1 is-layout-flex wp-block-gallery-is-layout-flex\"><ul class=\"blocks-gallery-grid\"><li class=\"blocks-gallery-item\"><figure><a href=\"https:\/\/www.sansin.com\/wp-content\/uploads\/Minnesota-Twins-Seatback_RESOLUTION_WIDE.jpg\"><img decoding=\"async\" width=\"900\" height=\"506\" src=\"https:\/\/www.sansin.com\/wp-content\/uploads\/Minnesota-Twins-Seatback_RESOLUTION_WIDE.jpg\" alt=\"Resolution 1 &amp; 2\" data-id=\"9031\" data-full-url=\"https:\/\/www.sansin.com\/wp-content\/uploads\/Minnesota-Twins-Seatback_RESOLUTION_WIDE.jpg\" data-link=\"https:\/\/www.sansin.com\/?attachment_id=9031#main\" class=\"wp-image-9032\" srcset=\"https:\/\/www.sansin.com\/wp-content\/uploads\/Minnesota-Twins-Seatback_RESOLUTION_WIDE.jpg 900w, https:\/\/www.sansin.com\/wp-content\/uploads\/Minnesota-Twins-Seatback_RESOLUTION_WIDE-150x84.jpg 150w, https:\/\/www.sansin.com\/wp-content\/uploads\/Minnesota-Twins-Seatback_RESOLUTION_WIDE-300x169.jpg 300w, https:\/\/www.sansin.com\/wp-content\/uploads\/Minnesota-Twins-Seatback_RESOLUTION_WIDE-768x432.jpg 768w\" sizes=\"(max-width: 900px) 100vw, 900px\" \/><\/a><\/figure><\/li><li class=\"blocks-gallery-item\"><figure><a href=\"https:\/\/www.sansin.com\/wp-content\/uploads\/Dolcetto_RESOLUTION.jpg\"><img decoding=\"async\" width=\"800\" height=\"600\" src=\"https:\/\/www.sansin.com\/wp-content\/uploads\/Dolcetto_RESOLUTION.jpg\" alt=\"Dolcetto\" data-id=\"7703\" data-full-url=\"https:\/\/www.sansin.com\/wp-content\/uploads\/Dolcetto_RESOLUTION.jpg\" data-link=\"https:\/\/www.sansin.com\/dolcetto_resolution\/\" class=\"wp-image-13579\" srcset=\"https:\/\/www.sansin.com\/wp-content\/uploads\/Dolcetto_RESOLUTION.jpg 800w, https:\/\/www.sansin.com\/wp-content\/uploads\/Dolcetto_RESOLUTION-150x113.jpg 150w, https:\/\/www.sansin.com\/wp-content\/uploads\/Dolcetto_RESOLUTION-300x225.jpg 300w, https:\/\/www.sansin.com\/wp-content\/uploads\/Dolcetto_RESOLUTION-768x576.jpg 768w\" sizes=\"(max-width: 800px) 100vw, 800px\" \/><\/a><\/figure><\/li><li class=\"blocks-gallery-item\"><figure><a href=\"https:\/\/www.sansin.com\/wp-content\/uploads\/Dolcetto2_RESOLUTION.jpg\"><img decoding=\"async\" width=\"800\" height=\"600\" src=\"https:\/\/www.sansin.com\/wp-content\/uploads\/Dolcetto2_RESOLUTION.jpg\" alt=\"Dolcetto\" data-id=\"7704\" data-full-url=\"https:\/\/www.sansin.com\/wp-content\/uploads\/Dolcetto2_RESOLUTION.jpg\" data-link=\"https:\/\/www.sansin.com\/sansin-announces-resolution-high-performing-wood-finishing-system\/dolcetto2_resolution\/#main\" class=\"wp-image-13581\" srcset=\"https:\/\/www.sansin.com\/wp-content\/uploads\/Dolcetto2_RESOLUTION.jpg 800w, https:\/\/www.sansin.com\/wp-content\/uploads\/Dolcetto2_RESOLUTION-150x113.jpg 150w, https:\/\/www.sansin.com\/wp-content\/uploads\/Dolcetto2_RESOLUTION-300x225.jpg 300w, https:\/\/www.sansin.com\/wp-content\/uploads\/Dolcetto2_RESOLUTION-768x576.jpg 768w\" sizes=\"(max-width: 800px) 100vw, 800px\" \/><\/a><\/figure><\/li><li class=\"blocks-gallery-item\"><figure><a href=\"https:\/\/www.sansin.com\/wp-content\/uploads\/Private-Yacht_RESOLUTION.jpg\"><img decoding=\"async\" width=\"800\" height=\"600\" src=\"https:\/\/www.sansin.com\/wp-content\/uploads\/Private-Yacht_RESOLUTION.jpg\" alt=\"Private Yacht\" data-id=\"7705\" data-full-url=\"https:\/\/www.sansin.com\/wp-content\/uploads\/Private-Yacht_RESOLUTION.jpg\" data-link=\"https:\/\/www.sansin.com\/private-yacht_resolution\/\" class=\"wp-image-13582\" srcset=\"https:\/\/www.sansin.com\/wp-content\/uploads\/Private-Yacht_RESOLUTION.jpg 800w, https:\/\/www.sansin.com\/wp-content\/uploads\/Private-Yacht_RESOLUTION-150x113.jpg 150w, https:\/\/www.sansin.com\/wp-content\/uploads\/Private-Yacht_RESOLUTION-300x225.jpg 300w, https:\/\/www.sansin.com\/wp-content\/uploads\/Private-Yacht_RESOLUTION-768x576.jpg 768w\" sizes=\"(max-width: 800px) 100vw, 800px\" \/><\/a><\/figure><\/li><li class=\"blocks-gallery-item\"><figure><a href=\"https:\/\/www.sansin.com\/wp-content\/uploads\/Private-Yacht2_RESOLUTION.jpg\"><img decoding=\"async\" width=\"800\" height=\"600\" src=\"https:\/\/www.sansin.com\/wp-content\/uploads\/Private-Yacht2_RESOLUTION.jpg\" alt=\"Private Yacht\" data-id=\"7706\" data-full-url=\"https:\/\/www.sansin.com\/wp-content\/uploads\/Private-Yacht2_RESOLUTION.jpg\" data-link=\"https:\/\/www.sansin.com\/private-yacht2_resolution\/\" class=\"wp-image-13583\" srcset=\"https:\/\/www.sansin.com\/wp-content\/uploads\/Private-Yacht2_RESOLUTION.jpg 800w, https:\/\/www.sansin.com\/wp-content\/uploads\/Private-Yacht2_RESOLUTION-150x113.jpg 150w, https:\/\/www.sansin.com\/wp-content\/uploads\/Private-Yacht2_RESOLUTION-300x225.jpg 300w, https:\/\/www.sansin.com\/wp-content\/uploads\/Private-Yacht2_RESOLUTION-768x576.jpg 768w\" sizes=\"(max-width: 800px) 100vw, 800px\" \/><\/a><\/figure><\/li><li class=\"blocks-gallery-item\"><figure><a href=\"https:\/\/www.sansin.com\/wp-content\/uploads\/Residential-Door_RESOLUTION.jpg\"><img decoding=\"async\" width=\"800\" height=\"600\" src=\"https:\/\/www.sansin.com\/wp-content\/uploads\/Residential-Door_RESOLUTION.jpg\" alt=\"Residential Door\" data-id=\"7707\" data-full-url=\"https:\/\/www.sansin.com\/wp-content\/uploads\/Residential-Door_RESOLUTION.jpg\" data-link=\"https:\/\/www.sansin.com\/residential-door_resolution\/\" class=\"wp-image-13584\" srcset=\"https:\/\/www.sansin.com\/wp-content\/uploads\/Residential-Door_RESOLUTION.jpg 800w, https:\/\/www.sansin.com\/wp-content\/uploads\/Residential-Door_RESOLUTION-150x113.jpg 150w, https:\/\/www.sansin.com\/wp-content\/uploads\/Residential-Door_RESOLUTION-300x225.jpg 300w, https:\/\/www.sansin.com\/wp-content\/uploads\/Residential-Door_RESOLUTION-768x576.jpg 768w\" sizes=\"(max-width: 800px) 100vw, 800px\" \/><\/a><\/figure><\/li><\/ul><\/figure>\n","protected":false},"excerpt":{"rendered":"<p>R\u00e9solution I: Fini penetrant \u00e0 haute performance pour le bois sec.<\/p>\n","protected":false},"featured_media":7150,"template":"","meta":[],"product_brand":[],"product_cat":[85],"product_tag":[],"class_list":{"0":"post-7578","1":"product","2":"type-product","3":"status-publish","4":"has-post-thumbnail","6":"product_cat-produits-fr","7":"","8":"woocommerce-text-align-center","9":"woocommerce-image-align-center","11":"first","12":"instock","13":"shipping-taxable","14":"product-type-simple"},"aioseo_notices":[],"_links":{"self":[{"href":"https:\/\/www.sansin.com\/fr\/wp-json\/wp\/v2\/product\/7578","targetHints":{"allow":["GET"]}}],"collection":[{"href":"https:\/\/www.sansin.com\/fr\/wp-json\/wp\/v2\/product"}],"about":[{"href":"https:\/\/www.sansin.com\/fr\/wp-json\/wp\/v2\/types\/product"}],"wp:featuredmedia":[{"embeddable":true,"href":"https:\/\/www.sansin.com\/fr\/wp-json\/wp\/v2\/media\/7150"}],"wp:attachment":[{"href":"https:\/\/www.sansin.com\/fr\/wp-json\/wp\/v2\/media?parent=7578"}],"wp:term":[{"taxonomy":"product_brand","embeddable":true,"href":"https:\/\/www.sansin.com\/fr\/wp-json\/wp\/v2\/product_brand?post=7578"},{"taxonomy":"product_cat","embeddable":true,"href":"https:\/\/www.sansin.com\/fr\/wp-json\/wp\/v2\/product_cat?post=7578"},{"taxonomy":"product_tag","embeddable":true,"href":"https:\/\/www.sansin.com\/fr\/wp-json\/wp\/v2\/product_tag?post=7578"}],"curies":[{"name":"wp","href":"https:\/\/api.w.org\/{rel}","templated":true}]}}