{"id":8778,"date":"2015-06-02T18:31:01","date_gmt":"2015-06-02T22:31:01","guid":{"rendered":"http:\/\/www.sansin.com\/product\/firestop-97\/"},"modified":"2022-01-19T18:02:23","modified_gmt":"2022-01-19T23:02:23","slug":"firestop-97","status":"publish","type":"product","link":"https:\/\/www.sansin.com\/fr\/produit\/firestop-97\/","title":{"rendered":"FIRESTOP97"},"content":{"rendered":"\n<h2 class=\"wp-block-heading\">FireStop97 offre une protection contre la propagation de l&rsquo;incendie en une seule couche, de \u00ab classe A \u00bb, dans une belle finition de bois de couleur unie.<\/h2>\n\n\n\n<p>Un beau rev\u00eatement d\u00e9coratif int\u00e9rieur disponible dans des couleurs blanches ou pastel, le FireStop97 est con\u00e7u pour \u00eatre utilis\u00e9 comme peinture auto-amor\u00e7ante pour les substrats en bois tels que le contreplaqu\u00e9 SPF, les panneaux de grandes particules orient\u00e9es, les treillis de bois, le bois lamell\u00e9-coll\u00e9\/crois\u00e9 lamin\u00e9, le bois de colombage, et toutes sortes d&rsquo;assemblages pour lesquels une r\u00e9sistance au feu am\u00e9lior\u00e9e est requise. En pr\u00e9sence de chaleur ou de flamme, Firestop97 devient intumescent (il \u00e9largit son \u00e9paisseur de film) en cr\u00e9ant une couche \u00e9paisse de mousse thermiquement isolante. Cette action emp\u00eache l&rsquo;oxyg\u00e8ne d&rsquo;atteindre les mat\u00e9riaux enduits combustibles (le \u00ab\u00a0carburant\u00a0\u00bb) et de diluer les gaz combustibles s&rsquo;ils sont lib\u00e9r\u00e9s par le carburant.<\/p>\n\n\n\n<p>FireStop97 fournit une protection contre la propagation de l&rsquo;incendie de \u00ab&nbsp;classe A&nbsp;\u00bb conforme \u00e0 la norme ASTM E84 et \u00e0 la norme canadienne CAN\/ULC S-102-M88.<\/p>\n\n\n\n<p>FireStop97 a une excellente adh\u00e9rence, offre une bonne protection, est durable, d\u00e9coratif et \u00e0 faible teneur en COV. Il offre d&rsquo;excellentes propri\u00e9t\u00e9s de maniabilit\u00e9 et d&rsquo;\u00e9coulement, et se nettoie facilement \u00e0 l&rsquo;eau et au savon. Offre une finition blanche, opaque et peu lustr\u00e9e.<\/p>\n\n\n\n<h2 class=\"section-heading wp-block-heading\">GALERIE DE PHOTOS<\/h2>\n\n\n\n<hr class=\"wp-block-separator is-style-default\"\/>\n\n\n\n<div class=\"wp-block-columns is-layout-flex wp-container-core-columns-is-layout-9d6595d7 wp-block-columns-is-layout-flex\">\n<div class=\"wp-block-column is-layout-flow wp-block-column-is-layout-flow\">\n<figure class=\"wp-block-gallery columns-2 wp-block-gallery-1 is-layout-flex wp-block-gallery-is-layout-flex\"><ul class=\"blocks-gallery-grid\"><li class=\"blocks-gallery-item\"><figure><a href=\"https:\/\/www.sansin.com\/wp-content\/uploads\/NVRC-FS97-3.jpg\"><img decoding=\"async\" src=\"https:\/\/www.sansin.com\/wp-content\/uploads\/NVRC-FS97-3.jpg\" alt=\"Firestop\" data-id=\"11871\" data-full-url=\"https:\/\/www.sansin.com\/wp-content\/uploads\/NVRC-FS97-3.jpg\" data-link=\"https:\/\/www.sansin.com\/?attachment_id=11871#main\" class=\"wp-image-11872\"\/><\/a><\/figure><\/li><li class=\"blocks-gallery-item\"><figure><a href=\"https:\/\/www.sansin.com\/wp-content\/uploads\/NVRC-FS97-1.jpg\"><img decoding=\"async\" src=\"https:\/\/www.sansin.com\/wp-content\/uploads\/NVRC-FS97-1.jpg\" alt=\"Firestop\" data-id=\"11869\" data-full-url=\"https:\/\/www.sansin.com\/wp-content\/uploads\/NVRC-FS97-1.jpg\" data-link=\"https:\/\/www.sansin.com\/?attachment_id=11869#main\" class=\"wp-image-11870\"\/><\/a><\/figure><\/li><\/ul><\/figure>\n<\/div>\n\n\n\n<div class=\"wp-block-column is-layout-flow wp-block-column-is-layout-flow\"><\/div>\n\n\n\n<div class=\"wp-block-column is-layout-flow wp-block-column-is-layout-flow\"><\/div>\n<\/div>\n","protected":false},"excerpt":{"rendered":"<p>FireStop97 : protection contre l&rsquo;incendie opaque en une couche.<\/p>\n","protected":false},"featured_media":8779,"template":"","meta":[],"product_brand":[],"product_cat":[85],"product_tag":[],"class_list":{"0":"post-8778","1":"product","2":"type-product","3":"status-publish","4":"has-post-thumbnail","6":"product_cat-produits-fr","7":"","8":"woocommerce-text-align-center","9":"woocommerce-image-align-center","11":"first","12":"instock","13":"shipping-taxable","14":"product-type-simple"},"aioseo_notices":[],"_links":{"self":[{"href":"https:\/\/www.sansin.com\/fr\/wp-json\/wp\/v2\/product\/8778","targetHints":{"allow":["GET"]}}],"collection":[{"href":"https:\/\/www.sansin.com\/fr\/wp-json\/wp\/v2\/product"}],"about":[{"href":"https:\/\/www.sansin.com\/fr\/wp-json\/wp\/v2\/types\/product"}],"wp:featuredmedia":[{"embeddable":true,"href":"https:\/\/www.sansin.com\/fr\/wp-json\/wp\/v2\/media\/8779"}],"wp:attachment":[{"href":"https:\/\/www.sansin.com\/fr\/wp-json\/wp\/v2\/media?parent=8778"}],"wp:term":[{"taxonomy":"product_brand","embeddable":true,"href":"https:\/\/www.sansin.com\/fr\/wp-json\/wp\/v2\/product_brand?post=8778"},{"taxonomy":"product_cat","embeddable":true,"href":"https:\/\/www.sansin.com\/fr\/wp-json\/wp\/v2\/product_cat?post=8778"},{"taxonomy":"product_tag","embeddable":true,"href":"https:\/\/www.sansin.com\/fr\/wp-json\/wp\/v2\/product_tag?post=8778"}],"curies":[{"name":"wp","href":"https:\/\/api.w.org\/{rel}","templated":true}]}}