{"id":8782,"date":"2015-06-02T18:26:44","date_gmt":"2015-06-02T22:26:44","guid":{"rendered":"http:\/\/www.sansin.com\/product\/firestop-99\/"},"modified":"2022-01-19T18:03:43","modified_gmt":"2022-01-19T23:03:43","slug":"firestop-99","status":"publish","type":"product","link":"https:\/\/www.sansin.com\/fr\/produit\/firestop-99\/","title":{"rendered":"FIRESTOP99"},"content":{"rendered":"\n<h2 class=\"wp-block-heading\">FireStop99 offre la protection ultime contre la propagation des flammes avec une belle finition de bois d&rsquo;int\u00e9rieur.<\/h2>\n\n\n\n<p>En pr\u00e9sence de chaleur ou de flamme, Firestop99 devient intumescent (il \u00e9largit l&rsquo;\u00e9paisseur de son film) en cr\u00e9ant une couche \u00e9paisse de mousse thermiquement isolante. Cette action emp\u00eache l&rsquo;oxyg\u00e8ne d&rsquo;atteindre les mat\u00e9riaux enduits combustibles (le \u00ab carburant \u00bb) et de diluer les gaz combustibles s&rsquo;ils sont lib\u00e9r\u00e9s par le carburant.<\/p>\n\n\n\n<p>FireStop99 fournit une protection contre la propagation des flammes de \u00ab classe A \u00bb conforme \u00e0 la norme ASTM E84 et \u00e0 la norme canadienne CAN\/ULC S102-M88.<\/p>\n\n\n\n<p>FireStop99 a une excellente adh\u00e9rence et une faible teneur en COV, avec une application en deux couches. Il se nettoie simplement \u00e0 l&rsquo;eau et au savon. Disponible dans des tons clairs ou personnalis\u00e9s.<\/p>\n","protected":false},"excerpt":{"rendered":"<p>FireStop99 : protection ignifuge transparente pour le bois.<\/p>\n","protected":false},"featured_media":8785,"template":"","meta":[],"product_brand":[],"product_cat":[85],"product_tag":[],"class_list":{"0":"post-8782","1":"product","2":"type-product","3":"status-publish","4":"has-post-thumbnail","6":"product_cat-produits-fr","7":"","8":"woocommerce-text-align-center","9":"woocommerce-image-align-center","11":"first","12":"instock","13":"shipping-taxable","14":"product-type-simple"},"aioseo_notices":[],"_links":{"self":[{"href":"https:\/\/www.sansin.com\/fr\/wp-json\/wp\/v2\/product\/8782","targetHints":{"allow":["GET"]}}],"collection":[{"href":"https:\/\/www.sansin.com\/fr\/wp-json\/wp\/v2\/product"}],"about":[{"href":"https:\/\/www.sansin.com\/fr\/wp-json\/wp\/v2\/types\/product"}],"wp:featuredmedia":[{"embeddable":true,"href":"https:\/\/www.sansin.com\/fr\/wp-json\/wp\/v2\/media\/8785"}],"wp:attachment":[{"href":"https:\/\/www.sansin.com\/fr\/wp-json\/wp\/v2\/media?parent=8782"}],"wp:term":[{"taxonomy":"product_brand","embeddable":true,"href":"https:\/\/www.sansin.com\/fr\/wp-json\/wp\/v2\/product_brand?post=8782"},{"taxonomy":"product_cat","embeddable":true,"href":"https:\/\/www.sansin.com\/fr\/wp-json\/wp\/v2\/product_cat?post=8782"},{"taxonomy":"product_tag","embeddable":true,"href":"https:\/\/www.sansin.com\/fr\/wp-json\/wp\/v2\/product_tag?post=8782"}],"curies":[{"name":"wp","href":"https:\/\/api.w.org\/{rel}","templated":true}]}}