{"id":8799,"date":"2017-11-08T14:26:39","date_gmt":"2017-11-08T19:26:39","guid":{"rendered":"http:\/\/www.sansin.com\/product\/protect-a-cut\/"},"modified":"2022-01-19T18:11:32","modified_gmt":"2022-01-19T23:11:32","slug":"protect-a-cut","status":"publish","type":"product","link":"https:\/\/www.sansin.com\/fr\/produit\/protect-a-cut\/","title":{"rendered":"PROTECT-A-CUT"},"content":{"rendered":"\n<p>Protect-a-Cut est un rev\u00eatement de protection r\u00e9sistant \u00e0 l&rsquo;eau, \u00e0 tr\u00e8s faible teneur en COV, pr\u00eat \u00e0 l&#8217;emploi, con\u00e7u pour les extr\u00e9mit\u00e9s coup\u00e9es ext\u00e9rieures du bois trait\u00e9 sous pression. Protect-a-Cut est formul\u00e9 pour correspondre au bois trait\u00e9 sous pression vert, gris et marron et est \u00e9galement disponible en transparent pour les surfaces de coupe en bois naturel non trait\u00e9.<\/p>\n\n\n\n<p>Protect-a-Cut est non seulement ininflammable, mais il offre \u00e9galement une protection \u00e0 large spectre contre la pourriture du bois et il am\u00e9liore sa stabilit\u00e9 dimensionnelle.<\/p>\n\n\n\n<p>Protect-a-Cut est disponible en formats de 946 mL et en formules transparente, brune, verte et grise.<\/p>\n","protected":false},"excerpt":{"rendered":"<p>Rev\u00eatement protecteur r\u00e9sistant \u00e0 l&rsquo;eau pour les extr\u00e9mit\u00e9s du bois trait\u00e9 sous pression.<\/p>\n","protected":false},"featured_media":0,"template":"","meta":[],"product_brand":[],"product_cat":[85],"product_tag":[],"class_list":{"0":"post-8799","1":"product","2":"type-product","3":"status-publish","5":"product_cat-produits-fr","6":"","7":"woocommerce-text-align-center","8":"woocommerce-image-align-center","10":"first","11":"instock","12":"shipping-taxable","13":"product-type-simple"},"aioseo_notices":[],"_links":{"self":[{"href":"https:\/\/www.sansin.com\/fr\/wp-json\/wp\/v2\/product\/8799","targetHints":{"allow":["GET"]}}],"collection":[{"href":"https:\/\/www.sansin.com\/fr\/wp-json\/wp\/v2\/product"}],"about":[{"href":"https:\/\/www.sansin.com\/fr\/wp-json\/wp\/v2\/types\/product"}],"wp:attachment":[{"href":"https:\/\/www.sansin.com\/fr\/wp-json\/wp\/v2\/media?parent=8799"}],"wp:term":[{"taxonomy":"product_brand","embeddable":true,"href":"https:\/\/www.sansin.com\/fr\/wp-json\/wp\/v2\/product_brand?post=8799"},{"taxonomy":"product_cat","embeddable":true,"href":"https:\/\/www.sansin.com\/fr\/wp-json\/wp\/v2\/product_cat?post=8799"},{"taxonomy":"product_tag","embeddable":true,"href":"https:\/\/www.sansin.com\/fr\/wp-json\/wp\/v2\/product_tag?post=8799"}],"curies":[{"name":"wp","href":"https:\/\/api.w.org\/{rel}","templated":true}]}}