{"id":8810,"date":"2017-08-08T12:42:31","date_gmt":"2017-08-08T16:42:31","guid":{"rendered":"http:\/\/www.sansin.com\/product\/resolution\/"},"modified":"2022-10-05T15:58:23","modified_gmt":"2022-10-05T19:58:23","slug":"resolution","status":"publish","type":"product","link":"https:\/\/www.sansin.com\/fr\/produit\/resolution\/","title":{"rendered":"RESOLUTION"},"content":{"rendered":"\n<p>Sansin a mis au point un syst\u00e8me de finition du bois en deux couches, plus r\u00e9sistant, plus beau et plus durable que le vernis. Con\u00e7u pour les meubles, les portes et les applications terrestres et&nbsp;marines o\u00f9 la r\u00e9sistance aux UV et la protection contre l&rsquo;humidit\u00e9 sont indispensables, le syst\u00e8me Resolution offre une clart\u00e9 brillante combin\u00e9e \u00e0 une r\u00e9sistance aux produits chimiques, aux rayures et \u00e0 l&rsquo;eau.&nbsp;De plus, vous pouvez compter sur Resolution pour avoir une faible teneur en COV, et une finition brillante ou satin\u00e9e facile \u00e0 appliquer.<\/p>\n\n\n\n<p><a href=\"\/?p=7578\">Resolution 1<\/a>&nbsp;: en savoir plus sur l\u2019\u00e9tape d\u2019appr\u00eat qui p\u00e9n\u00e8tre et remplit le grain du bois.<\/p>\n\n\n\n<p><a href=\"\/?p=7579\">Resolution 2<\/a>\u00a0: en savoir plus sur la deuxi\u00e8me \u00e9tape du syst\u00e8me de finition dans une formule brillante ou satin\u00e9e \u00e0 faible teneur en COV.<\/p>\n\n\n\n<h2 class=\"section-heading wp-block-heading\">GALERIE DE PHOTOS<\/h2>\n\n\n\n<hr class=\"wp-block-separator has-css-opacity is-style-default\"\/>\n\n\n\n<figure class=\"wp-block-gallery columns-6 wp-block-gallery-1 is-layout-flex wp-block-gallery-is-layout-flex\"><ul class=\"blocks-gallery-grid\"><li class=\"blocks-gallery-item\"><figure><a href=\"https:\/\/www.sansin.com\/wp-content\/uploads\/Minnesota-Twins-Seatback_RESOLUTION_WIDE.jpg\"><img decoding=\"async\" width=\"900\" height=\"506\" src=\"https:\/\/www.sansin.com\/wp-content\/uploads\/Minnesota-Twins-Seatback_RESOLUTION_WIDE.jpg\" alt=\"Resolution 1 &amp; 2\" data-id=\"9031\" data-full-url=\"https:\/\/www.sansin.com\/wp-content\/uploads\/Minnesota-Twins-Seatback_RESOLUTION_WIDE.jpg\" data-link=\"https:\/\/www.sansin.com\/?attachment_id=9031#main\" class=\"wp-image-9032\" srcset=\"https:\/\/www.sansin.com\/wp-content\/uploads\/Minnesota-Twins-Seatback_RESOLUTION_WIDE.jpg 900w, https:\/\/www.sansin.com\/wp-content\/uploads\/Minnesota-Twins-Seatback_RESOLUTION_WIDE-150x84.jpg 150w, https:\/\/www.sansin.com\/wp-content\/uploads\/Minnesota-Twins-Seatback_RESOLUTION_WIDE-300x169.jpg 300w, https:\/\/www.sansin.com\/wp-content\/uploads\/Minnesota-Twins-Seatback_RESOLUTION_WIDE-768x432.jpg 768w\" sizes=\"(max-width: 900px) 100vw, 900px\" \/><\/a><\/figure><\/li><li class=\"blocks-gallery-item\"><figure><a href=\"https:\/\/www.sansin.com\/wp-content\/uploads\/Dolcetto_RESOLUTION.jpg\"><img decoding=\"async\" width=\"800\" height=\"600\" src=\"https:\/\/www.sansin.com\/wp-content\/uploads\/Dolcetto_RESOLUTION.jpg\" alt=\"Dolcetto\" data-id=\"7703\" data-full-url=\"https:\/\/www.sansin.com\/wp-content\/uploads\/Dolcetto_RESOLUTION.jpg\" data-link=\"https:\/\/www.sansin.com\/dolcetto_resolution\/\" class=\"wp-image-13579\" srcset=\"https:\/\/www.sansin.com\/wp-content\/uploads\/Dolcetto_RESOLUTION.jpg 800w, https:\/\/www.sansin.com\/wp-content\/uploads\/Dolcetto_RESOLUTION-150x113.jpg 150w, https:\/\/www.sansin.com\/wp-content\/uploads\/Dolcetto_RESOLUTION-300x225.jpg 300w, https:\/\/www.sansin.com\/wp-content\/uploads\/Dolcetto_RESOLUTION-768x576.jpg 768w\" sizes=\"(max-width: 800px) 100vw, 800px\" \/><\/a><\/figure><\/li><li class=\"blocks-gallery-item\"><figure><a href=\"https:\/\/www.sansin.com\/wp-content\/uploads\/Dolcetto2_RESOLUTION.jpg\"><img decoding=\"async\" width=\"800\" height=\"600\" src=\"https:\/\/www.sansin.com\/wp-content\/uploads\/Dolcetto2_RESOLUTION.jpg\" alt=\"Dolcetto\" data-id=\"7704\" data-full-url=\"https:\/\/www.sansin.com\/wp-content\/uploads\/Dolcetto2_RESOLUTION.jpg\" data-link=\"https:\/\/www.sansin.com\/sansin-announces-resolution-high-performing-wood-finishing-system\/dolcetto2_resolution\/#main\" class=\"wp-image-13581\" srcset=\"https:\/\/www.sansin.com\/wp-content\/uploads\/Dolcetto2_RESOLUTION.jpg 800w, https:\/\/www.sansin.com\/wp-content\/uploads\/Dolcetto2_RESOLUTION-150x113.jpg 150w, https:\/\/www.sansin.com\/wp-content\/uploads\/Dolcetto2_RESOLUTION-300x225.jpg 300w, https:\/\/www.sansin.com\/wp-content\/uploads\/Dolcetto2_RESOLUTION-768x576.jpg 768w\" sizes=\"(max-width: 800px) 100vw, 800px\" \/><\/a><\/figure><\/li><li class=\"blocks-gallery-item\"><figure><a href=\"https:\/\/www.sansin.com\/wp-content\/uploads\/Private-Yacht_RESOLUTION.jpg\"><img decoding=\"async\" width=\"800\" height=\"600\" src=\"https:\/\/www.sansin.com\/wp-content\/uploads\/Private-Yacht_RESOLUTION.jpg\" alt=\"Private Yacht\" data-id=\"7705\" data-full-url=\"https:\/\/www.sansin.com\/wp-content\/uploads\/Private-Yacht_RESOLUTION.jpg\" data-link=\"https:\/\/www.sansin.com\/private-yacht_resolution\/\" class=\"wp-image-13582\" srcset=\"https:\/\/www.sansin.com\/wp-content\/uploads\/Private-Yacht_RESOLUTION.jpg 800w, https:\/\/www.sansin.com\/wp-content\/uploads\/Private-Yacht_RESOLUTION-150x113.jpg 150w, https:\/\/www.sansin.com\/wp-content\/uploads\/Private-Yacht_RESOLUTION-300x225.jpg 300w, https:\/\/www.sansin.com\/wp-content\/uploads\/Private-Yacht_RESOLUTION-768x576.jpg 768w\" sizes=\"(max-width: 800px) 100vw, 800px\" \/><\/a><\/figure><\/li><li class=\"blocks-gallery-item\"><figure><a href=\"https:\/\/www.sansin.com\/wp-content\/uploads\/Private-Yacht2_RESOLUTION.jpg\"><img decoding=\"async\" width=\"800\" height=\"600\" src=\"https:\/\/www.sansin.com\/wp-content\/uploads\/Private-Yacht2_RESOLUTION.jpg\" alt=\"Private Yacht\" data-id=\"7706\" data-full-url=\"https:\/\/www.sansin.com\/wp-content\/uploads\/Private-Yacht2_RESOLUTION.jpg\" data-link=\"https:\/\/www.sansin.com\/private-yacht2_resolution\/\" class=\"wp-image-13583\" srcset=\"https:\/\/www.sansin.com\/wp-content\/uploads\/Private-Yacht2_RESOLUTION.jpg 800w, https:\/\/www.sansin.com\/wp-content\/uploads\/Private-Yacht2_RESOLUTION-150x113.jpg 150w, https:\/\/www.sansin.com\/wp-content\/uploads\/Private-Yacht2_RESOLUTION-300x225.jpg 300w, https:\/\/www.sansin.com\/wp-content\/uploads\/Private-Yacht2_RESOLUTION-768x576.jpg 768w\" sizes=\"(max-width: 800px) 100vw, 800px\" \/><\/a><\/figure><\/li><li class=\"blocks-gallery-item\"><figure><a href=\"https:\/\/www.sansin.com\/wp-content\/uploads\/Residential-Door_RESOLUTION.jpg\"><img decoding=\"async\" width=\"800\" height=\"600\" src=\"https:\/\/www.sansin.com\/wp-content\/uploads\/Residential-Door_RESOLUTION.jpg\" alt=\"Residential Door\" data-id=\"7707\" data-full-url=\"https:\/\/www.sansin.com\/wp-content\/uploads\/Residential-Door_RESOLUTION.jpg\" data-link=\"https:\/\/www.sansin.com\/residential-door_resolution\/\" class=\"wp-image-13584\" srcset=\"https:\/\/www.sansin.com\/wp-content\/uploads\/Residential-Door_RESOLUTION.jpg 800w, https:\/\/www.sansin.com\/wp-content\/uploads\/Residential-Door_RESOLUTION-150x113.jpg 150w, https:\/\/www.sansin.com\/wp-content\/uploads\/Residential-Door_RESOLUTION-300x225.jpg 300w, https:\/\/www.sansin.com\/wp-content\/uploads\/Residential-Door_RESOLUTION-768x576.jpg 768w\" sizes=\"(max-width: 800px) 100vw, 800px\" \/><\/a><\/figure><\/li><\/ul><\/figure>\n","protected":false},"excerpt":{"rendered":"<p>Resolution : syst\u00e8me de finition pour le bois \u00e0 haute performance<\/p>\n","protected":false},"featured_media":8811,"template":"","meta":[],"product_brand":[],"product_cat":[85],"product_tag":[],"class_list":{"0":"post-8810","1":"product","2":"type-product","3":"status-publish","4":"has-post-thumbnail","6":"product_cat-produits-fr","7":"","8":"woocommerce-text-align-center","9":"woocommerce-image-align-center","11":"first","12":"instock","13":"shipping-taxable","14":"product-type-simple"},"aioseo_notices":[],"_links":{"self":[{"href":"https:\/\/www.sansin.com\/fr\/wp-json\/wp\/v2\/product\/8810","targetHints":{"allow":["GET"]}}],"collection":[{"href":"https:\/\/www.sansin.com\/fr\/wp-json\/wp\/v2\/product"}],"about":[{"href":"https:\/\/www.sansin.com\/fr\/wp-json\/wp\/v2\/types\/product"}],"wp:featuredmedia":[{"embeddable":true,"href":"https:\/\/www.sansin.com\/fr\/wp-json\/wp\/v2\/media\/8811"}],"wp:attachment":[{"href":"https:\/\/www.sansin.com\/fr\/wp-json\/wp\/v2\/media?parent=8810"}],"wp:term":[{"taxonomy":"product_brand","embeddable":true,"href":"https:\/\/www.sansin.com\/fr\/wp-json\/wp\/v2\/product_brand?post=8810"},{"taxonomy":"product_cat","embeddable":true,"href":"https:\/\/www.sansin.com\/fr\/wp-json\/wp\/v2\/product_cat?post=8810"},{"taxonomy":"product_tag","embeddable":true,"href":"https:\/\/www.sansin.com\/fr\/wp-json\/wp\/v2\/product_tag?post=8810"}],"curies":[{"name":"wp","href":"https:\/\/api.w.org\/{rel}","templated":true}]}}